{"id":2446,"date":"2024-04-05T14:30:38","date_gmt":"2024-04-05T11:30:38","guid":{"rendered":"https:\/\/trombia.com\/trombia-sweeper\/"},"modified":"2025-12-23T14:21:34","modified_gmt":"2025-12-23T12:21:34","slug":"trombia-lakaisukone","status":"publish","type":"page","link":"https:\/\/trombia.com\/fi\/tuotteet\/trombia-lakaisukone\/","title":{"rendered":"Trombia T220 lakaisukone"},"content":{"rendered":"","protected":false},"excerpt":{"rendered":"","protected":false},"author":1,"featured_media":2112,"parent":2438,"menu_order":0,"comment_status":"closed","ping_status":"closed","template":"page-templates\/sub-page.php","meta":{"_acf_changed":true,"footnotes":""},"class_list":["post-2446","page","type-page","status-publish","has-post-thumbnail","hentry"],"acf":[],"yoast_head":"<!-- This site is optimized with the Yoast SEO plugin v27.4 - https:\/\/yoast.com\/product\/yoast-seo-wordpress\/ -->\n<title>Trombia T220 lakaisukone py\u00f6r\u00e4kuormaajaan<\/title>\n<meta name=\"description\" content=\"Muunna py\u00f6r\u00e4kuormaajasi t\u00e4ysiveriseksi lakaisukoneeksi. Trombia-lakaisukone, poistaa hiekan ja roskan lis\u00e4ksi haitallisen katup\u00f6lyn.\" \/>\n<meta name=\"robots\" content=\"index, follow, max-snippet:-1, max-image-preview:large, max-video-preview:-1\" \/>\n<link rel=\"canonical\" href=\"https:\/\/trombia.com\/fi\/tuotteet\/trombia-lakaisukone\/\" \/>\n<meta property=\"og:locale\" content=\"fi_FI\" \/>\n<meta property=\"og:type\" content=\"article\" \/>\n<meta property=\"og:title\" content=\"Trombia T220 lakaisukone py\u00f6r\u00e4kuormaajaan\" \/>\n<meta property=\"og:description\" content=\"Muunna py\u00f6r\u00e4kuormaajasi t\u00e4ysiveriseksi lakaisukoneeksi. Trombia-lakaisukone, poistaa hiekan ja roskan lis\u00e4ksi haitallisen katup\u00f6lyn.\" \/>\n<meta property=\"og:url\" content=\"https:\/\/trombia.com\/fi\/tuotteet\/trombia-lakaisukone\/\" \/>\n<meta property=\"og:site_name\" content=\"Trombia\" \/>\n<meta property=\"article:publisher\" content=\"https:\/\/www.facebook.com\/snowektrombia\" \/>\n<meta property=\"article:modified_time\" content=\"2025-12-23T12:21:34+00:00\" \/>\n<meta property=\"og:image\" content=\"https:\/\/trombia.com\/wp-content\/uploads\/2024\/05\/Trombia-Sweeper-hero.webp\" \/>\n\t<meta property=\"og:image:width\" content=\"1600\" \/>\n\t<meta property=\"og:image:height\" content=\"870\" \/>\n\t<meta property=\"og:image:type\" content=\"image\/webp\" \/>\n<meta name=\"twitter:card\" content=\"summary_large_image\" \/>\n<meta name=\"twitter:label1\" content=\"Arvioitu lukuaika\" \/>\n\t<meta name=\"twitter:data1\" content=\"1 minuutti\" \/>\n<script type=\"application\/ld+json\" class=\"yoast-schema-graph\">{\"@context\":\"https:\\\/\\\/schema.org\",\"@graph\":[{\"@type\":\"WebPage\",\"@id\":\"https:\\\/\\\/trombia.com\\\/fi\\\/tuotteet\\\/trombia-lakaisukone\\\/\",\"url\":\"https:\\\/\\\/trombia.com\\\/fi\\\/tuotteet\\\/trombia-lakaisukone\\\/\",\"name\":\"Trombia T220 lakaisukone py\u00f6r\u00e4kuormaajaan\",\"isPartOf\":{\"@id\":\"https:\\\/\\\/trombia.com\\\/#website\"},\"primaryImageOfPage\":{\"@id\":\"https:\\\/\\\/trombia.com\\\/fi\\\/tuotteet\\\/trombia-lakaisukone\\\/#primaryimage\"},\"image\":{\"@id\":\"https:\\\/\\\/trombia.com\\\/fi\\\/tuotteet\\\/trombia-lakaisukone\\\/#primaryimage\"},\"thumbnailUrl\":\"https:\\\/\\\/trombia.com\\\/wp-content\\\/uploads\\\/2024\\\/05\\\/Trombia-Sweeper-hero.webp\",\"datePublished\":\"2024-04-05T11:30:38+00:00\",\"dateModified\":\"2025-12-23T12:21:34+00:00\",\"description\":\"Muunna py\u00f6r\u00e4kuormaajasi t\u00e4ysiveriseksi lakaisukoneeksi. Trombia-lakaisukone, poistaa hiekan ja roskan lis\u00e4ksi haitallisen katup\u00f6lyn.\",\"breadcrumb\":{\"@id\":\"https:\\\/\\\/trombia.com\\\/fi\\\/tuotteet\\\/trombia-lakaisukone\\\/#breadcrumb\"},\"inLanguage\":\"fi\",\"potentialAction\":[{\"@type\":\"ReadAction\",\"target\":[\"https:\\\/\\\/trombia.com\\\/fi\\\/tuotteet\\\/trombia-lakaisukone\\\/\"]}]},{\"@type\":\"ImageObject\",\"inLanguage\":\"fi\",\"@id\":\"https:\\\/\\\/trombia.com\\\/fi\\\/tuotteet\\\/trombia-lakaisukone\\\/#primaryimage\",\"url\":\"https:\\\/\\\/trombia.com\\\/wp-content\\\/uploads\\\/2024\\\/05\\\/Trombia-Sweeper-hero.webp\",\"contentUrl\":\"https:\\\/\\\/trombia.com\\\/wp-content\\\/uploads\\\/2024\\\/05\\\/Trombia-Sweeper-hero.webp\",\"width\":1600,\"height\":870},{\"@type\":\"BreadcrumbList\",\"@id\":\"https:\\\/\\\/trombia.com\\\/fi\\\/tuotteet\\\/trombia-lakaisukone\\\/#breadcrumb\",\"itemListElement\":[{\"@type\":\"ListItem\",\"position\":1,\"name\":\"Home\",\"item\":\"https:\\\/\\\/trombia.com\\\/fi\\\/\"},{\"@type\":\"ListItem\",\"position\":2,\"name\":\"Tuotteet\",\"item\":\"https:\\\/\\\/trombia.com\\\/fi\\\/tuotteet\\\/\"},{\"@type\":\"ListItem\",\"position\":3,\"name\":\"Trombia T220 lakaisukone\"}]},{\"@type\":\"WebSite\",\"@id\":\"https:\\\/\\\/trombia.com\\\/#website\",\"url\":\"https:\\\/\\\/trombia.com\\\/\",\"name\":\"Trombia\",\"description\":\"\",\"publisher\":{\"@id\":\"https:\\\/\\\/trombia.com\\\/#organization\"},\"potentialAction\":[{\"@type\":\"SearchAction\",\"target\":{\"@type\":\"EntryPoint\",\"urlTemplate\":\"https:\\\/\\\/trombia.com\\\/?s={search_term_string}\"},\"query-input\":{\"@type\":\"PropertyValueSpecification\",\"valueRequired\":true,\"valueName\":\"search_term_string\"}}],\"inLanguage\":\"fi\"},{\"@type\":\"Organization\",\"@id\":\"https:\\\/\\\/trombia.com\\\/#organization\",\"name\":\"Trombia\",\"url\":\"https:\\\/\\\/trombia.com\\\/\",\"logo\":{\"@type\":\"ImageObject\",\"inLanguage\":\"fi\",\"@id\":\"https:\\\/\\\/trombia.com\\\/#\\\/schema\\\/logo\\\/image\\\/\",\"url\":\"https:\\\/\\\/trombia.com\\\/wp-content\\\/uploads\\\/2024\\\/05\\\/Trombia-Technologies-1.webp\",\"contentUrl\":\"https:\\\/\\\/trombia.com\\\/wp-content\\\/uploads\\\/2024\\\/05\\\/Trombia-Technologies-1.webp\",\"width\":1186,\"height\":1270,\"caption\":\"Trombia\"},\"image\":{\"@id\":\"https:\\\/\\\/trombia.com\\\/#\\\/schema\\\/logo\\\/image\\\/\"},\"sameAs\":[\"https:\\\/\\\/www.facebook.com\\\/snowektrombia\",\"https:\\\/\\\/www.instagram.com\\\/snowekofficial\\\/\",\"https:\\\/\\\/www.youtube.com\\\/trombia-technologies\",\"https:\\\/\\\/www.linkedin.com\\\/company\\\/trombia-technologies\\\/\"]}]}<\/script>\n<!-- \/ Yoast SEO plugin. -->","yoast_head_json":{"title":"Trombia T220 lakaisukone py\u00f6r\u00e4kuormaajaan","description":"Muunna py\u00f6r\u00e4kuormaajasi t\u00e4ysiveriseksi lakaisukoneeksi. Trombia-lakaisukone, poistaa hiekan ja roskan lis\u00e4ksi haitallisen katup\u00f6lyn.","robots":{"index":"index","follow":"follow","max-snippet":"max-snippet:-1","max-image-preview":"max-image-preview:large","max-video-preview":"max-video-preview:-1"},"canonical":"https:\/\/trombia.com\/fi\/tuotteet\/trombia-lakaisukone\/","og_locale":"fi_FI","og_type":"article","og_title":"Trombia T220 lakaisukone py\u00f6r\u00e4kuormaajaan","og_description":"Muunna py\u00f6r\u00e4kuormaajasi t\u00e4ysiveriseksi lakaisukoneeksi. Trombia-lakaisukone, poistaa hiekan ja roskan lis\u00e4ksi haitallisen katup\u00f6lyn.","og_url":"https:\/\/trombia.com\/fi\/tuotteet\/trombia-lakaisukone\/","og_site_name":"Trombia","article_publisher":"https:\/\/www.facebook.com\/snowektrombia","article_modified_time":"2025-12-23T12:21:34+00:00","og_image":[{"width":1600,"height":870,"url":"https:\/\/trombia.com\/wp-content\/uploads\/2024\/05\/Trombia-Sweeper-hero.webp","type":"image\/webp"}],"twitter_card":"summary_large_image","twitter_misc":{"Arvioitu lukuaika":"1 minuutti"},"schema":{"@context":"https:\/\/schema.org","@graph":[{"@type":"WebPage","@id":"https:\/\/trombia.com\/fi\/tuotteet\/trombia-lakaisukone\/","url":"https:\/\/trombia.com\/fi\/tuotteet\/trombia-lakaisukone\/","name":"Trombia T220 lakaisukone py\u00f6r\u00e4kuormaajaan","isPartOf":{"@id":"https:\/\/trombia.com\/#website"},"primaryImageOfPage":{"@id":"https:\/\/trombia.com\/fi\/tuotteet\/trombia-lakaisukone\/#primaryimage"},"image":{"@id":"https:\/\/trombia.com\/fi\/tuotteet\/trombia-lakaisukone\/#primaryimage"},"thumbnailUrl":"https:\/\/trombia.com\/wp-content\/uploads\/2024\/05\/Trombia-Sweeper-hero.webp","datePublished":"2024-04-05T11:30:38+00:00","dateModified":"2025-12-23T12:21:34+00:00","description":"Muunna py\u00f6r\u00e4kuormaajasi t\u00e4ysiveriseksi lakaisukoneeksi. Trombia-lakaisukone, poistaa hiekan ja roskan lis\u00e4ksi haitallisen katup\u00f6lyn.","breadcrumb":{"@id":"https:\/\/trombia.com\/fi\/tuotteet\/trombia-lakaisukone\/#breadcrumb"},"inLanguage":"fi","potentialAction":[{"@type":"ReadAction","target":["https:\/\/trombia.com\/fi\/tuotteet\/trombia-lakaisukone\/"]}]},{"@type":"ImageObject","inLanguage":"fi","@id":"https:\/\/trombia.com\/fi\/tuotteet\/trombia-lakaisukone\/#primaryimage","url":"https:\/\/trombia.com\/wp-content\/uploads\/2024\/05\/Trombia-Sweeper-hero.webp","contentUrl":"https:\/\/trombia.com\/wp-content\/uploads\/2024\/05\/Trombia-Sweeper-hero.webp","width":1600,"height":870},{"@type":"BreadcrumbList","@id":"https:\/\/trombia.com\/fi\/tuotteet\/trombia-lakaisukone\/#breadcrumb","itemListElement":[{"@type":"ListItem","position":1,"name":"Home","item":"https:\/\/trombia.com\/fi\/"},{"@type":"ListItem","position":2,"name":"Tuotteet","item":"https:\/\/trombia.com\/fi\/tuotteet\/"},{"@type":"ListItem","position":3,"name":"Trombia T220 lakaisukone"}]},{"@type":"WebSite","@id":"https:\/\/trombia.com\/#website","url":"https:\/\/trombia.com\/","name":"Trombia","description":"","publisher":{"@id":"https:\/\/trombia.com\/#organization"},"potentialAction":[{"@type":"SearchAction","target":{"@type":"EntryPoint","urlTemplate":"https:\/\/trombia.com\/?s={search_term_string}"},"query-input":{"@type":"PropertyValueSpecification","valueRequired":true,"valueName":"search_term_string"}}],"inLanguage":"fi"},{"@type":"Organization","@id":"https:\/\/trombia.com\/#organization","name":"Trombia","url":"https:\/\/trombia.com\/","logo":{"@type":"ImageObject","inLanguage":"fi","@id":"https:\/\/trombia.com\/#\/schema\/logo\/image\/","url":"https:\/\/trombia.com\/wp-content\/uploads\/2024\/05\/Trombia-Technologies-1.webp","contentUrl":"https:\/\/trombia.com\/wp-content\/uploads\/2024\/05\/Trombia-Technologies-1.webp","width":1186,"height":1270,"caption":"Trombia"},"image":{"@id":"https:\/\/trombia.com\/#\/schema\/logo\/image\/"},"sameAs":["https:\/\/www.facebook.com\/snowektrombia","https:\/\/www.instagram.com\/snowekofficial\/","https:\/\/www.youtube.com\/trombia-technologies","https:\/\/www.linkedin.com\/company\/trombia-technologies\/"]}]}},"_links":{"self":[{"href":"https:\/\/trombia.com\/fi\/wp-json\/wp\/v2\/pages\/2446","targetHints":{"allow":["GET"]}}],"collection":[{"href":"https:\/\/trombia.com\/fi\/wp-json\/wp\/v2\/pages"}],"about":[{"href":"https:\/\/trombia.com\/fi\/wp-json\/wp\/v2\/types\/page"}],"author":[{"embeddable":true,"href":"https:\/\/trombia.com\/fi\/wp-json\/wp\/v2\/users\/1"}],"replies":[{"embeddable":true,"href":"https:\/\/trombia.com\/fi\/wp-json\/wp\/v2\/comments?post=2446"}],"version-history":[{"count":0,"href":"https:\/\/trombia.com\/fi\/wp-json\/wp\/v2\/pages\/2446\/revisions"}],"up":[{"embeddable":true,"href":"https:\/\/trombia.com\/fi\/wp-json\/wp\/v2\/pages\/2438"}],"wp:featuredmedia":[{"embeddable":true,"href":"https:\/\/trombia.com\/fi\/wp-json\/wp\/v2\/media\/2112"}],"wp:attachment":[{"href":"https:\/\/trombia.com\/fi\/wp-json\/wp\/v2\/media?parent=2446"}],"curies":[{"name":"wp","href":"https:\/\/api.w.org\/{rel}","templated":true}]}}