{"id":2440,"date":"2024-04-05T14:30:24","date_gmt":"2024-04-05T11:30:24","guid":{"rendered":"https:\/\/trombia.com\/trombia-free\/"},"modified":"2026-03-27T09:05:39","modified_gmt":"2026-03-27T07:05:39","slug":"trombia-free","status":"publish","type":"page","link":"https:\/\/trombia.com\/fi\/tuotteet\/trombia-free\/","title":{"rendered":"Trombia Free"},"content":{"rendered":"","protected":false},"excerpt":{"rendered":"","protected":false},"author":1,"featured_media":2113,"parent":2438,"menu_order":0,"comment_status":"closed","ping_status":"closed","template":"page-templates\/sub-page.php","meta":{"_acf_changed":false,"footnotes":""},"class_list":["post-2440","page","type-page","status-publish","has-post-thumbnail","hentry"],"acf":[],"yoast_head":"<!-- This site is optimized with the Yoast SEO plugin v27.4 - https:\/\/yoast.com\/product\/yoast-seo-wordpress\/ -->\n<title>Trombia Free - Autonomiset lakaisukoneet - Suomesta<\/title>\n<meta name=\"description\" content=\"Trombia Free - maailman johtava autonominen ja p\u00e4\u00e4st\u00f6t\u00f6n ratkaisu teollisuusalueiden puhdistukseen ulko- ja sis\u00e4tiloissa.\" \/>\n<meta name=\"robots\" content=\"index, follow, max-snippet:-1, max-image-preview:large, max-video-preview:-1\" \/>\n<link rel=\"canonical\" href=\"https:\/\/trombia.com\/fi\/tuotteet\/trombia-free\/\" \/>\n<meta property=\"og:locale\" content=\"fi_FI\" \/>\n<meta property=\"og:type\" content=\"article\" \/>\n<meta property=\"og:title\" content=\"Trombia Free - Autonomiset lakaisukoneet - Suomesta\" \/>\n<meta property=\"og:description\" content=\"Trombia Free - maailman johtava autonominen ja p\u00e4\u00e4st\u00f6t\u00f6n ratkaisu teollisuusalueiden puhdistukseen ulko- ja sis\u00e4tiloissa.\" \/>\n<meta property=\"og:url\" content=\"https:\/\/trombia.com\/fi\/tuotteet\/trombia-free\/\" \/>\n<meta property=\"og:site_name\" content=\"Trombia\" \/>\n<meta property=\"article:publisher\" content=\"https:\/\/www.facebook.com\/snowektrombia\" \/>\n<meta property=\"article:modified_time\" content=\"2026-03-27T07:05:39+00:00\" \/>\n<meta property=\"og:image\" content=\"https:\/\/trombia.com\/wp-content\/uploads\/2024\/05\/Trombia-Free-hero.webp\" \/>\n\t<meta property=\"og:image:width\" content=\"1902\" \/>\n\t<meta property=\"og:image:height\" content=\"885\" \/>\n\t<meta property=\"og:image:type\" content=\"image\/webp\" \/>\n<meta name=\"twitter:card\" content=\"summary_large_image\" \/>\n<meta name=\"twitter:label1\" content=\"Arvioitu lukuaika\" \/>\n\t<meta name=\"twitter:data1\" content=\"1 minuutti\" \/>\n<script type=\"application\/ld+json\" class=\"yoast-schema-graph\">{\"@context\":\"https:\\\/\\\/schema.org\",\"@graph\":[{\"@type\":\"WebPage\",\"@id\":\"https:\\\/\\\/trombia.com\\\/fi\\\/tuotteet\\\/trombia-free\\\/\",\"url\":\"https:\\\/\\\/trombia.com\\\/fi\\\/tuotteet\\\/trombia-free\\\/\",\"name\":\"Trombia Free - Autonomiset lakaisukoneet - Suomesta\",\"isPartOf\":{\"@id\":\"https:\\\/\\\/trombia.com\\\/#website\"},\"primaryImageOfPage\":{\"@id\":\"https:\\\/\\\/trombia.com\\\/fi\\\/tuotteet\\\/trombia-free\\\/#primaryimage\"},\"image\":{\"@id\":\"https:\\\/\\\/trombia.com\\\/fi\\\/tuotteet\\\/trombia-free\\\/#primaryimage\"},\"thumbnailUrl\":\"https:\\\/\\\/trombia.com\\\/wp-content\\\/uploads\\\/2024\\\/05\\\/Trombia-Free-hero.webp\",\"datePublished\":\"2024-04-05T11:30:24+00:00\",\"dateModified\":\"2026-03-27T07:05:39+00:00\",\"description\":\"Trombia Free - maailman johtava autonominen ja p\u00e4\u00e4st\u00f6t\u00f6n ratkaisu teollisuusalueiden puhdistukseen ulko- ja sis\u00e4tiloissa.\",\"breadcrumb\":{\"@id\":\"https:\\\/\\\/trombia.com\\\/fi\\\/tuotteet\\\/trombia-free\\\/#breadcrumb\"},\"inLanguage\":\"fi\",\"potentialAction\":[{\"@type\":\"ReadAction\",\"target\":[\"https:\\\/\\\/trombia.com\\\/fi\\\/tuotteet\\\/trombia-free\\\/\"]}]},{\"@type\":\"ImageObject\",\"inLanguage\":\"fi\",\"@id\":\"https:\\\/\\\/trombia.com\\\/fi\\\/tuotteet\\\/trombia-free\\\/#primaryimage\",\"url\":\"https:\\\/\\\/trombia.com\\\/wp-content\\\/uploads\\\/2024\\\/05\\\/Trombia-Free-hero.webp\",\"contentUrl\":\"https:\\\/\\\/trombia.com\\\/wp-content\\\/uploads\\\/2024\\\/05\\\/Trombia-Free-hero.webp\",\"width\":1902,\"height\":885},{\"@type\":\"BreadcrumbList\",\"@id\":\"https:\\\/\\\/trombia.com\\\/fi\\\/tuotteet\\\/trombia-free\\\/#breadcrumb\",\"itemListElement\":[{\"@type\":\"ListItem\",\"position\":1,\"name\":\"Home\",\"item\":\"https:\\\/\\\/trombia.com\\\/fi\\\/\"},{\"@type\":\"ListItem\",\"position\":2,\"name\":\"Tuotteet\",\"item\":\"https:\\\/\\\/trombia.com\\\/fi\\\/tuotteet\\\/\"},{\"@type\":\"ListItem\",\"position\":3,\"name\":\"Trombia Free\"}]},{\"@type\":\"WebSite\",\"@id\":\"https:\\\/\\\/trombia.com\\\/#website\",\"url\":\"https:\\\/\\\/trombia.com\\\/\",\"name\":\"Trombia\",\"description\":\"\",\"publisher\":{\"@id\":\"https:\\\/\\\/trombia.com\\\/#organization\"},\"potentialAction\":[{\"@type\":\"SearchAction\",\"target\":{\"@type\":\"EntryPoint\",\"urlTemplate\":\"https:\\\/\\\/trombia.com\\\/?s={search_term_string}\"},\"query-input\":{\"@type\":\"PropertyValueSpecification\",\"valueRequired\":true,\"valueName\":\"search_term_string\"}}],\"inLanguage\":\"fi\"},{\"@type\":\"Organization\",\"@id\":\"https:\\\/\\\/trombia.com\\\/#organization\",\"name\":\"Trombia\",\"url\":\"https:\\\/\\\/trombia.com\\\/\",\"logo\":{\"@type\":\"ImageObject\",\"inLanguage\":\"fi\",\"@id\":\"https:\\\/\\\/trombia.com\\\/#\\\/schema\\\/logo\\\/image\\\/\",\"url\":\"https:\\\/\\\/trombia.com\\\/wp-content\\\/uploads\\\/2024\\\/05\\\/Trombia-Technologies-1.webp\",\"contentUrl\":\"https:\\\/\\\/trombia.com\\\/wp-content\\\/uploads\\\/2024\\\/05\\\/Trombia-Technologies-1.webp\",\"width\":1186,\"height\":1270,\"caption\":\"Trombia\"},\"image\":{\"@id\":\"https:\\\/\\\/trombia.com\\\/#\\\/schema\\\/logo\\\/image\\\/\"},\"sameAs\":[\"https:\\\/\\\/www.facebook.com\\\/snowektrombia\",\"https:\\\/\\\/www.instagram.com\\\/snowekofficial\\\/\",\"https:\\\/\\\/www.youtube.com\\\/trombia-technologies\",\"https:\\\/\\\/www.linkedin.com\\\/company\\\/trombia-technologies\\\/\"]}]}<\/script>\n<!-- \/ Yoast SEO plugin. -->","yoast_head_json":{"title":"Trombia Free - Autonomiset lakaisukoneet - Suomesta","description":"Trombia Free - maailman johtava autonominen ja p\u00e4\u00e4st\u00f6t\u00f6n ratkaisu teollisuusalueiden puhdistukseen ulko- ja sis\u00e4tiloissa.","robots":{"index":"index","follow":"follow","max-snippet":"max-snippet:-1","max-image-preview":"max-image-preview:large","max-video-preview":"max-video-preview:-1"},"canonical":"https:\/\/trombia.com\/fi\/tuotteet\/trombia-free\/","og_locale":"fi_FI","og_type":"article","og_title":"Trombia Free - Autonomiset lakaisukoneet - Suomesta","og_description":"Trombia Free - maailman johtava autonominen ja p\u00e4\u00e4st\u00f6t\u00f6n ratkaisu teollisuusalueiden puhdistukseen ulko- ja sis\u00e4tiloissa.","og_url":"https:\/\/trombia.com\/fi\/tuotteet\/trombia-free\/","og_site_name":"Trombia","article_publisher":"https:\/\/www.facebook.com\/snowektrombia","article_modified_time":"2026-03-27T07:05:39+00:00","og_image":[{"width":1902,"height":885,"url":"https:\/\/trombia.com\/wp-content\/uploads\/2024\/05\/Trombia-Free-hero.webp","type":"image\/webp"}],"twitter_card":"summary_large_image","twitter_misc":{"Arvioitu lukuaika":"1 minuutti"},"schema":{"@context":"https:\/\/schema.org","@graph":[{"@type":"WebPage","@id":"https:\/\/trombia.com\/fi\/tuotteet\/trombia-free\/","url":"https:\/\/trombia.com\/fi\/tuotteet\/trombia-free\/","name":"Trombia Free - Autonomiset lakaisukoneet - Suomesta","isPartOf":{"@id":"https:\/\/trombia.com\/#website"},"primaryImageOfPage":{"@id":"https:\/\/trombia.com\/fi\/tuotteet\/trombia-free\/#primaryimage"},"image":{"@id":"https:\/\/trombia.com\/fi\/tuotteet\/trombia-free\/#primaryimage"},"thumbnailUrl":"https:\/\/trombia.com\/wp-content\/uploads\/2024\/05\/Trombia-Free-hero.webp","datePublished":"2024-04-05T11:30:24+00:00","dateModified":"2026-03-27T07:05:39+00:00","description":"Trombia Free - maailman johtava autonominen ja p\u00e4\u00e4st\u00f6t\u00f6n ratkaisu teollisuusalueiden puhdistukseen ulko- ja sis\u00e4tiloissa.","breadcrumb":{"@id":"https:\/\/trombia.com\/fi\/tuotteet\/trombia-free\/#breadcrumb"},"inLanguage":"fi","potentialAction":[{"@type":"ReadAction","target":["https:\/\/trombia.com\/fi\/tuotteet\/trombia-free\/"]}]},{"@type":"ImageObject","inLanguage":"fi","@id":"https:\/\/trombia.com\/fi\/tuotteet\/trombia-free\/#primaryimage","url":"https:\/\/trombia.com\/wp-content\/uploads\/2024\/05\/Trombia-Free-hero.webp","contentUrl":"https:\/\/trombia.com\/wp-content\/uploads\/2024\/05\/Trombia-Free-hero.webp","width":1902,"height":885},{"@type":"BreadcrumbList","@id":"https:\/\/trombia.com\/fi\/tuotteet\/trombia-free\/#breadcrumb","itemListElement":[{"@type":"ListItem","position":1,"name":"Home","item":"https:\/\/trombia.com\/fi\/"},{"@type":"ListItem","position":2,"name":"Tuotteet","item":"https:\/\/trombia.com\/fi\/tuotteet\/"},{"@type":"ListItem","position":3,"name":"Trombia Free"}]},{"@type":"WebSite","@id":"https:\/\/trombia.com\/#website","url":"https:\/\/trombia.com\/","name":"Trombia","description":"","publisher":{"@id":"https:\/\/trombia.com\/#organization"},"potentialAction":[{"@type":"SearchAction","target":{"@type":"EntryPoint","urlTemplate":"https:\/\/trombia.com\/?s={search_term_string}"},"query-input":{"@type":"PropertyValueSpecification","valueRequired":true,"valueName":"search_term_string"}}],"inLanguage":"fi"},{"@type":"Organization","@id":"https:\/\/trombia.com\/#organization","name":"Trombia","url":"https:\/\/trombia.com\/","logo":{"@type":"ImageObject","inLanguage":"fi","@id":"https:\/\/trombia.com\/#\/schema\/logo\/image\/","url":"https:\/\/trombia.com\/wp-content\/uploads\/2024\/05\/Trombia-Technologies-1.webp","contentUrl":"https:\/\/trombia.com\/wp-content\/uploads\/2024\/05\/Trombia-Technologies-1.webp","width":1186,"height":1270,"caption":"Trombia"},"image":{"@id":"https:\/\/trombia.com\/#\/schema\/logo\/image\/"},"sameAs":["https:\/\/www.facebook.com\/snowektrombia","https:\/\/www.instagram.com\/snowekofficial\/","https:\/\/www.youtube.com\/trombia-technologies","https:\/\/www.linkedin.com\/company\/trombia-technologies\/"]}]}},"_links":{"self":[{"href":"https:\/\/trombia.com\/fi\/wp-json\/wp\/v2\/pages\/2440","targetHints":{"allow":["GET"]}}],"collection":[{"href":"https:\/\/trombia.com\/fi\/wp-json\/wp\/v2\/pages"}],"about":[{"href":"https:\/\/trombia.com\/fi\/wp-json\/wp\/v2\/types\/page"}],"author":[{"embeddable":true,"href":"https:\/\/trombia.com\/fi\/wp-json\/wp\/v2\/users\/1"}],"replies":[{"embeddable":true,"href":"https:\/\/trombia.com\/fi\/wp-json\/wp\/v2\/comments?post=2440"}],"version-history":[{"count":0,"href":"https:\/\/trombia.com\/fi\/wp-json\/wp\/v2\/pages\/2440\/revisions"}],"up":[{"embeddable":true,"href":"https:\/\/trombia.com\/fi\/wp-json\/wp\/v2\/pages\/2438"}],"wp:featuredmedia":[{"embeddable":true,"href":"https:\/\/trombia.com\/fi\/wp-json\/wp\/v2\/media\/2113"}],"wp:attachment":[{"href":"https:\/\/trombia.com\/fi\/wp-json\/wp\/v2\/media?parent=2440"}],"curies":[{"name":"wp","href":"https:\/\/api.w.org\/{rel}","templated":true}]}}